{"id":92,"date":"2026-02-17T22:14:54","date_gmt":"2026-02-17T22:14:54","guid":{"rendered":"http:\/\/ciudad-perdida.co\/home\/"},"modified":"2026-02-27T03:38:36","modified_gmt":"2026-02-27T03:38:36","slug":"home","status":"publish","type":"page","link":"https:\/\/ciudad-perdida.co\/en\/","title":{"rendered":"Ciudad Perdida"},"content":{"rendered":"<div class=\"wp-block-uagb-container uagb-block-71da2b50 alignfull uagb-is-root-container\"><div class=\"uagb-container-inner-blocks-wrap\">\n<div class=\"wp-block-uagb-info-box uagb-block-24c34975 uagb-infobox__content-wrap  uagb-infobox-icon-above-title uagb-infobox-image-valign-top\"><div class=\"uagb-ifb-content\"><div class=\"uagb-ifb-title-wrap\"><h1 class=\"uagb-ifb-title\">4-day Lost City tour<\/h1><\/div><\/div><\/div>\n\n\n\n<div class=\"wp-block-uagb-advanced-heading uagb-block-58c57d09\"><h3 class=\"uagb-heading-text\">+57 310 451 5178<\/h3><\/div>\n<\/div><\/div>\n\n\n\n<div class=\"wp-block-uagb-image uagb-block-1704d05e wp-block-uagb-image--layout-default wp-block-uagb-image--effect-static wp-block-uagb-image--align-none\"><figure class=\"wp-block-uagb-image__figure\"><img decoding=\"async\" srcset=\"https:\/\/ciudad-perdida.co\/wp-content\/uploads\/2026\/02\/ciudad-perdida-en-la-selva-de-la-sierra-nevada.jpg ,https:\/\/ciudad-perdida.co\/wp-content\/uploads\/2026\/02\/ciudad-perdida-en-la-selva-de-la-sierra-nevada.jpg 780w, https:\/\/ciudad-perdida.co\/wp-content\/uploads\/2026\/02\/ciudad-perdida-en-la-selva-de-la-sierra-nevada.jpg 360w\" sizes=\"auto, (max-width: 480px) 150px\" src=\"https:\/\/ciudad-perdida.co\/wp-content\/uploads\/2026\/02\/ciudad-perdida-en-la-selva-de-la-sierra-nevada.jpg\" alt=\"\" class=\"uag-image-1545\" width=\"549\" height=\"320\" title=\"ciudad perdida en la selva de la sierra nevada\" loading=\"lazy\" role=\"img\"\/><\/figure><\/div>\n\n\n\n<div class=\"wp-block-group is-layout-constrained wp-block-group-is-layout-constrained\">\n<h1 class=\"wp-block-heading\">\ud83c\udf3f Lost City: The Heart of the Sierra Nevada<\/h1>\n\n\n\n<p><strong>4 Days of History, Jungle and Ancestral Adventure<\/strong><\/p>\n\n\n\n<p>Join us on an epic journey to \u201cTeyuna\u201d, the mystical Lost City of the Tayrona. We are a <strong>empresa local<\/strong> con gu\u00edas que conocen cada rinc\u00f3n de la Sierra, garantiz\u00e1ndote una experiencia aut\u00e9ntica y segura.<\/p>\n\n\n\n<h3 class=\"wp-block-heading\"><strong>Why choose us?<\/strong><\/h3>\n\n\n\n<ul class=\"wp-block-list\">\n<li class=\"translation-block\"><strong>Small Groups:<\/strong> Maximum 15 people for personalized service.<\/li>\n\n\n\n<li class=\"translation-block\"><strong>Daily Departures:<\/strong> We guarantee your adventure starting from just 2 people.<\/li>\n\n\n\n<li class=\"translation-block\"><strong>Local Experts:<\/strong> You will walk with local guides who love and respect their territory.<\/li>\n<\/ul>\n\n\n\n<hr class=\"wp-block-separator has-alpha-channel-opacity\"\/>\n\n\n\n<h2 class=\"wp-block-heading\">\ud83e\udded Tour Details<\/h2>\n\n\n\n<ul class=\"wp-block-list\">\n<li class=\"translation-block\"><strong>Duration:<\/strong> 4 Days \/ 3 Nights.<\/li>\n\n\n\n<li class=\"translation-block\"><strong>Distance:<\/strong> 60 km in total (approx. 12 km per day).<\/li>\n\n\n\n<li class=\"translation-block\"><strong>Difficulty:<\/strong> High (good physical condition required).<\/li>\n\n\n\n<li class=\"translation-block\"><strong>Start\/End:<\/strong> Historic Center of Santa Marta.<\/li>\n<\/ul>\n\n\n\n<h3 class=\"wp-block-heading\"><strong>Schedule<\/strong><\/h3>\n\n\n\n<div class=\"wp-block-uagb-image uagb-block-9d9301ef wp-block-uagb-image--layout-default wp-block-uagb-image--effect-static wp-block-uagb-image--align-none\"><figure class=\"wp-block-uagb-image__figure\"><img decoding=\"async\" srcset=\"https:\/\/ciudad-perdida.co\/wp-content\/uploads\/2026\/02\/mapa-a-ciudad-perdida-1024x469.jpg ,https:\/\/ciudad-perdida.co\/wp-content\/uploads\/2026\/02\/mapa-a-ciudad-perdida-scaled.jpg 780w, https:\/\/ciudad-perdida.co\/wp-content\/uploads\/2026\/02\/mapa-a-ciudad-perdida-scaled.jpg 360w\" sizes=\"auto, (max-width: 480px) 150px\" src=\"https:\/\/ciudad-perdida.co\/wp-content\/uploads\/2026\/02\/mapa-a-ciudad-perdida-1024x469.jpg\" alt=\"\" class=\"uag-image-1552\" width=\"1024\" height=\"469\" title=\"mapa a ciudad perdida\" loading=\"lazy\" role=\"img\"\/><\/figure><\/div>\n\n\n\n<ul class=\"wp-block-list\">\n<li class=\"translation-block\"><strong>Meeting point:<\/strong> Our office in the Historic Center of Santa Marta.<\/li>\n\n\n\n<li class=\"translation-block\"><strong>Departure:<\/strong> Day 1 at 8:00 AM.<\/li>\n\n\n\n<li class=\"translation-block\"><strong>Return:<\/strong> Day 4 at 4:30 PM.<\/li>\n<\/ul>\n\n\n\n<hr class=\"wp-block-separator has-alpha-channel-opacity\"\/>\n\n\n\n<h2 class=\"wp-block-heading\">\ud83d\udcb0 Investment and Benefits (Rate 2026)<\/h2>\n\n\n\n<ul class=\"wp-block-list\">\n<li><strong>Price per person: $1,860,000 COP (Approx. $500 USD).<\/strong><\/li>\n<\/ul>\n\n\n\n<p><strong>What does your adventure include?<\/strong><\/p>\n\n\n\n<ul class=\"wp-block-list\">\n<li>\ud83d\ude90 <strong>Transporte:<\/strong> Traslados ida y vuelta en Jeep desde Santa Marta.<\/li>\n\n\n\n<li>\ud83c\udf72 <strong>Alimentaci\u00f3n:<\/strong> Comidas completas y refrigerios durante la caminata.<\/li>\n\n\n\n<li>\ud83c\udfe0 <strong>Alojamiento:<\/strong> Camas o hamacas en campamentos en la selva.<\/li>\n\n\n\n<li>\ud83d\udc64 <strong>Gu\u00eda Local:<\/strong> Acompa\u00f1amiento de expertos de la regi\u00f3n.<\/li>\n\n\n\n<li>\ud83c\udf9f\ufe0f <strong>Permisos:<\/strong> Ingreso al resguardo ind\u00edgena y zonas arqueol\u00f3gicas.<\/li>\n\n\n\n<li>\ud83d\udee1\ufe0f <strong>Seguro:<\/strong> P\u00f3liza de asistencia m\u00e9dica para viajeros.<\/li>\n<\/ul>\n\n\n\n<hr class=\"wp-block-separator has-alpha-channel-opacity\"\/>\n\n\n\n<h2 class=\"wp-block-heading\">\ud83c\udf92 Guide Recommendations<\/h2>\n\n\n\n<p>To make the most of your trip, don't forget to pack:<\/p>\n\n\n\n<ol start=\"1\" class=\"wp-block-list\">\n<li class=\"translation-block\"><strong>Footwear:<\/strong> Trekking boots with good grip (mandatory).<\/li>\n\n\n\n<li class=\"translation-block\"><strong>Repellent:<\/strong> \u201cNopikex\u201d is the best for the area.<\/li>\n\n\n\n<li class=\"translation-block\"><strong>Hydration:<\/strong> Reusable water bottle.<\/li>\n\n\n\n<li class=\"translation-block\"><strong>Clothing:<\/strong> Lightweight and quick-drying; a sweater for the evenings.<\/li>\n\n\n\n<li class=\"translation-block\"><strong>Cash:<\/strong> For extra snacks or handicrafts in the communities.<\/li>\n<\/ol>\n\n\n\n<hr class=\"wp-block-separator has-alpha-channel-opacity\"\/>\n\n\n\n<h2 class=\"wp-block-heading\">\ud83d\udccb Booking Process<\/h2>\n\n\n\n<p class=\"translation-block\">Reserve your spot with just 10% ($186,000 COP \/ $50 USD). The remaining balance is due on the first day of the tour.<\/p>\n\n\n\n<h3 class=\"wp-block-heading\"><strong>Payment Methods<\/strong><\/h3>\n\n\n\n<figure class=\"wp-block-table\"><table class=\"has-fixed-layout\"><thead><tr><td><strong>Channel<\/strong><\/td><td><strong>Transfer Details<\/strong><\/td><\/tr><\/thead><tbody><tr><td><strong>Bancolombia<\/strong><\/td><td>Savings #51657432729 (Lorenzo Gabriel Gil)<\/td><\/tr><tr><td><strong>Nequi \/ Daviplata<\/strong><\/td><td>3104515178 (Lorenzo Gil)<\/td><\/tr><tr><td><strong>Credit card<\/strong><\/td><td><a href=\"https:\/\/checkout.wompi.co\/l\/xnJiH3\" target=\"_blank\" rel=\"noopener\" title=\"Pay via Wompi here\">Pay via Wompi here<\/a><\/td><\/tr><tr><td><strong>PayPal<\/strong><\/td><td><a href=\"https:\/\/www.paypal.com\/cgi-bin\/webscr?cmd=_s-xclick&amp;hosted_button_id=YPXR6BUPDL2RY\" target=\"_blank\" rel=\"noopener\" title=\"\">Pay via PayPal here<\/a><\/td><\/tr><\/tbody><\/table><\/figure>\n\n\n\n<p><strong>There will be a balance of 1,674,000 that you can pay when you start the tour at our office.<\/strong><\/p>\n\n\n\n<h3 class=\"wp-block-heading\"><strong>Required Data<\/strong><\/h3>\n\n\n\n<p>Once the deposit has been made, please send us the following information per traveler to finalize the insurance and permits:<\/p>\n\n\n\n<ul class=\"wp-block-list\">\n<li>Full name and nationality.<\/li>\n\n\n\n<li>Passport or Identity Document.<\/li>\n\n\n\n<li>Date of birth and travel date.<\/li>\n\n\n\n<li>Dietary restrictions (allergies\/vegetarians).<\/li>\n\n\n\n<li>WhatsApp and Email.<\/li>\n<\/ul>\n\n\n\n<p>The data must be sent via WhatsApp: <\/p>\n<\/div>\n\n\n\n<div class=\"wp-block-group is-layout-constrained wp-block-group-is-layout-constrained\">\n<div class=\"wp-block-uagb-container uagb-block-5e9920a9 alignfull uagb-is-root-container\"><div class=\"uagb-container-inner-blocks-wrap\">\n<div class=\"wp-block-uagb-info-box uagb-block-dd0fce3e uagb-infobox__content-wrap  uagb-infobox-icon-above-title uagb-infobox-image-valign-top\"><div class=\"uagb-ifb-content\"><div class=\"uagb-ifb-title-wrap\"><h5 class=\"uagb-ifb-title-prefix\">Reserve your spot here<\/h5><h2 class=\"uagb-ifb-title\">+57 310 451 5178<\/h2><\/div><div class=\"uagb-ifb-separator\"><\/div><\/div><\/div>\n\n\n\n<div class=\"wp-block-uagb-advanced-heading uagb-block-fbf7d60b\"><\/div>\n\n\n\n<div class=\"wp-block-uagb-buttons uagb-buttons__outer-wrap uagb-btn__default-btn uagb-btn-tablet__default-btn uagb-btn-mobile__default-btn uagb-block-2fb13c8c\"><div class=\"uagb-buttons__wrap uagb-buttons-layout-wrap\">\n<div class=\"wp-block-uagb-buttons-child uagb-buttons__outer-wrap uagb-block-3cbe9a7f wp-block-button\"><div class=\"uagb-button__wrapper\"><a class=\"uagb-buttons-repeater wp-block-button__link\" aria-label=\"\" href=\"https:\/\/wa.me\/message\/AO6FNEXKOFRLC1\" rel=\"follow noopener\" target=\"_self\" role=\"button\"><div class=\"uagb-button__link\">WhatsApp<\/div><span class=\"uagb-button__icon uagb-button__icon-position-after\"><svg xmlns=\"https:\/\/www.w3.org\/2000\/svg\" viewbox=\"0 0 448 512\" aria-hidden=\"true\" focussable=\"false\"><path d=\"M438.6 278.6l-160 160C272.4 444.9 264.2 448 256 448s-16.38-3.125-22.62-9.375c-12.5-12.5-12.5-32.75 0-45.25L338.8 288H32C14.33 288 .0016 273.7 .0016 256S14.33 224 32 224h306.8l-105.4-105.4c-12.5-12.5-12.5-32.75 0-45.25s32.75-12.5 45.25 0l160 160C451.1 245.9 451.1 266.1 438.6 278.6z\"><\/path><\/svg><\/span><\/a><\/div><\/div>\n<\/div><\/div>\n<\/div><\/div>\n\n\n\n<p><\/p>\n<\/div>","protected":false},"excerpt":{"rendered":"<p>+57 310 451 5178 \ud83c\udf3f Ciudad Perdida: El Coraz\u00f3n de la Sierra Nevada 4 D\u00edas de Historia, Selva y Aventura Ancestral \u00danete a nosotros en una traves\u00eda \u00e9pica hacia &#8220;Teyuna&#8221;, la m\u00edstica Ciudad Perdida de los Tayrona. Somos una empresa local con gu\u00edas que conocen cada rinc\u00f3n de la Sierra, garantiz\u00e1ndote una experiencia aut\u00e9ntica y [&hellip;]<\/p>\n","protected":false},"author":1,"featured_media":1537,"parent":0,"menu_order":0,"comment_status":"closed","ping_status":"closed","template":"","meta":{"_uag_custom_page_level_css":"","_monsterinsights_skip_tracking":false,"_monsterinsights_sitenote_active":false,"_monsterinsights_sitenote_note":"","_monsterinsights_sitenote_category":0,"site-sidebar-layout":"no-sidebar","site-content-layout":"plain-container","ast-site-content-layout":"full-width-container","site-content-style":"unboxed","site-sidebar-style":"unboxed","ast-global-header-display":"","ast-banner-title-visibility":"","ast-main-header-display":"","ast-hfb-above-header-display":"","ast-hfb-below-header-display":"","ast-hfb-mobile-header-display":"","site-post-title":"disabled","ast-breadcrumbs-content":"","ast-featured-img":"","footer-sml-layout":"","ast-disable-related-posts":"","theme-transparent-header-meta":"enabled","adv-header-id-meta":"","stick-header-meta":"","header-above-stick-meta":"","header-main-stick-meta":"","header-below-stick-meta":"","astra-migrate-meta-layouts":"set","ast-page-background-enabled":"default","ast-page-background-meta":{"desktop":{"background-color":"","background-image":"","background-repeat":"repeat","background-position":"center center","background-size":"auto","background-attachment":"scroll","background-type":"","background-media":"","overlay-type":"","overlay-color":"","overlay-opacity":"","overlay-gradient":""},"tablet":{"background-color":"","background-image":"","background-repeat":"repeat","background-position":"center center","background-size":"auto","background-attachment":"scroll","background-type":"","background-media":"","overlay-type":"","overlay-color":"","overlay-opacity":"","overlay-gradient":""},"mobile":{"background-color":"","background-image":"","background-repeat":"repeat","background-position":"center center","background-size":"auto","background-attachment":"scroll","background-type":"","background-media":"","overlay-type":"","overlay-color":"","overlay-opacity":"","overlay-gradient":""}},"ast-content-background-meta":{"desktop":{"background-color":"var(--ast-global-color-5)","background-image":"","background-repeat":"repeat","background-position":"center center","background-size":"auto","background-attachment":"scroll","background-type":"","background-media":"","overlay-type":"","overlay-color":"","overlay-opacity":"","overlay-gradient":""},"tablet":{"background-color":"var(--ast-global-color-5)","background-image":"","background-repeat":"repeat","background-position":"center center","background-size":"auto","background-attachment":"scroll","background-type":"","background-media":"","overlay-type":"","overlay-color":"","overlay-opacity":"","overlay-gradient":""},"mobile":{"background-color":"var(--ast-global-color-5)","background-image":"","background-repeat":"repeat","background-position":"center center","background-size":"auto","background-attachment":"scroll","background-type":"","background-media":"","overlay-type":"","overlay-color":"","overlay-opacity":"","overlay-gradient":""}},"footnotes":""},"class_list":["post-92","page","type-page","status-publish","has-post-thumbnail","hentry"],"aioseo_notices":[],"_hostinger_reach_plugin_has_subscription_block":false,"_hostinger_reach_plugin_is_elementor":false,"uagb_featured_image_src":{"full":["https:\/\/ciudad-perdida.co\/wp-content\/uploads\/2026\/02\/311639101_556220686506429_4385211750412969334_n.jpg",1440,1796,false],"thumbnail":["https:\/\/ciudad-perdida.co\/wp-content\/uploads\/2026\/02\/311639101_556220686506429_4385211750412969334_n-150x150.jpg",150,150,true],"medium":["https:\/\/ciudad-perdida.co\/wp-content\/uploads\/2026\/02\/311639101_556220686506429_4385211750412969334_n-241x300.jpg",241,300,true],"medium_large":["https:\/\/ciudad-perdida.co\/wp-content\/uploads\/2026\/02\/311639101_556220686506429_4385211750412969334_n-768x958.jpg",768,958,true],"large":["https:\/\/ciudad-perdida.co\/wp-content\/uploads\/2026\/02\/311639101_556220686506429_4385211750412969334_n-821x1024.jpg",821,1024,true],"1536x1536":["https:\/\/ciudad-perdida.co\/wp-content\/uploads\/2026\/02\/311639101_556220686506429_4385211750412969334_n-1232x1536.jpg",1232,1536,true],"2048x2048":["https:\/\/ciudad-perdida.co\/wp-content\/uploads\/2026\/02\/311639101_556220686506429_4385211750412969334_n.jpg",1440,1796,false],"trp-custom-language-flag":["https:\/\/ciudad-perdida.co\/wp-content\/uploads\/2026\/02\/311639101_556220686506429_4385211750412969334_n.jpg",10,12,false]},"uagb_author_info":{"display_name":"indigenatravel@gmail.com","author_link":"https:\/\/ciudad-perdida.co\/en\/author\/indigenatravelgmail-com\/"},"uagb_comment_info":0,"uagb_excerpt":"+57 310 451 5178 \ud83c\udf3f Ciudad Perdida: El Coraz\u00f3n de la Sierra Nevada 4 D\u00edas de Historia, Selva y Aventura Ancestral \u00danete a nosotros en una traves\u00eda \u00e9pica hacia &#8220;Teyuna&#8221;, la m\u00edstica Ciudad Perdida de los Tayrona. Somos una empresa local con gu\u00edas que conocen cada rinc\u00f3n de la Sierra, garantiz\u00e1ndote una experiencia aut\u00e9ntica y&hellip;","_links":{"self":[{"href":"https:\/\/ciudad-perdida.co\/en\/wp-json\/wp\/v2\/pages\/92","targetHints":{"allow":["GET"]}}],"collection":[{"href":"https:\/\/ciudad-perdida.co\/en\/wp-json\/wp\/v2\/pages"}],"about":[{"href":"https:\/\/ciudad-perdida.co\/en\/wp-json\/wp\/v2\/types\/page"}],"author":[{"embeddable":true,"href":"https:\/\/ciudad-perdida.co\/en\/wp-json\/wp\/v2\/users\/1"}],"replies":[{"embeddable":true,"href":"https:\/\/ciudad-perdida.co\/en\/wp-json\/wp\/v2\/comments?post=92"}],"version-history":[{"count":14,"href":"https:\/\/ciudad-perdida.co\/en\/wp-json\/wp\/v2\/pages\/92\/revisions"}],"predecessor-version":[{"id":1568,"href":"https:\/\/ciudad-perdida.co\/en\/wp-json\/wp\/v2\/pages\/92\/revisions\/1568"}],"wp:featuredmedia":[{"embeddable":true,"href":"https:\/\/ciudad-perdida.co\/en\/wp-json\/wp\/v2\/media\/1537"}],"wp:attachment":[{"href":"https:\/\/ciudad-perdida.co\/en\/wp-json\/wp\/v2\/media?parent=92"}],"curies":[{"name":"wp","href":"https:\/\/api.w.org\/{rel}","templated":true}]}}